{"id":417,"date":"2023-05-30T17:50:37","date_gmt":"2023-05-30T17:50:37","guid":{"rendered":"http:\/\/rubendsalazar.com\/?page_id=417"},"modified":"2024-04-25T16:56:38","modified_gmt":"2024-04-25T16:56:38","slug":"una-guia-practica-para-construir-el-hogar-de-tus-suenos","status":"publish","type":"page","link":"https:\/\/rubendsalazar.com\/en\/una-guia-practica-para-construir-el-hogar-de-tus-suenos\/","title":{"rendered":"Una gu\u00eda practica para construir el hogar de tus sue\u00f1os"},"content":{"rendered":"\t\t<div data-elementor-type=\"wp-page\" data-elementor-id=\"417\" class=\"elementor elementor-417\" data-elementor-post-type=\"page\">\n\t\t\t\t<div class=\"elementor-element elementor-element-5d2ada9 e-flex e-con-boxed e-con e-parent\" data-id=\"5d2ada9\" data-element_type=\"container\" data-e-type=\"container\" data-settings=\"{&quot;background_background&quot;:&quot;classic&quot;}\">\n\t\t\t\t\t<div class=\"e-con-inner\">\n\t\t<div class=\"elementor-element elementor-element-6d9b7bc e-con-full e-flex e-con e-child\" data-id=\"6d9b7bc\" data-element_type=\"container\" data-e-type=\"container\">\n\t\t\t\t<\/div>\n\t\t<div class=\"elementor-element elementor-element-3353660 e-con-full e-flex e-con e-child\" data-id=\"3353660\" data-element_type=\"container\" data-e-type=\"container\">\n\t\t\t\t<div class=\"elementor-element elementor-element-ed35096 elementor-widget__width-initial elementor-widget-tablet__width-inherit elementor-widget elementor-widget-heading\" data-id=\"ed35096\" data-element_type=\"widget\" data-e-type=\"widget\" data-widget_type=\"heading.default\">\n\t\t\t\t\t<h2 class=\"elementor-heading-title elementor-size-default\">Descubre C\u00f3mo Construir el Hogar de Tus Sue\u00f1os en Florida<\/h2>\t\t\t\t<\/div>\n\t\t\t\t<div class=\"elementor-element elementor-element-18eb9f8 elementor-widget elementor-widget-text-editor\" data-id=\"18eb9f8\" data-element_type=\"widget\" data-e-type=\"widget\" data-widget_type=\"text-editor.default\">\n\t\t\t\t\t\t\t\t\t<p>\u00a0\u00a1Obt\u00e9n nuestra gu\u00eda gratuita y comienza a planificar hoy!<\/p>\t\t\t\t\t\t\t\t<\/div>\n\t\t\t\t<div class=\"elementor-element elementor-element-6986fb3 elementor-widget elementor-widget-text-editor\" data-id=\"6986fb3\" data-element_type=\"widget\" data-e-type=\"widget\" data-widget_type=\"text-editor.default\">\n\t\t\t\t\t\t\t\t\t<p><strong>Tenemos justo lo que necesitas.<\/strong> Esta gu\u00eda te llevar\u00e1 a trav\u00e9s del <strong>proceso paso a paso de construir una casa personalizada en Florida,<\/strong> proporcion\u00e1ndote todos los consejos y conocimientos esenciales que necesitas para hacer realidad el <strong>hogar de tus sue\u00f1os.<\/strong><\/p>\t\t\t\t\t\t\t\t<\/div>\n\t\t\t\t<\/div>\n\t\t\t\t\t<\/div>\n\t\t\t\t<\/div>\n\t\t<div class=\"elementor-element elementor-element-a85afc9 e-flex e-con-boxed e-con e-parent\" data-id=\"a85afc9\" data-element_type=\"container\" data-e-type=\"container\">\n\t\t\t\t\t<div class=\"e-con-inner\">\n\t\t<div class=\"elementor-element elementor-element-9750f36 e-con-full e-flex e-con e-child\" data-id=\"9750f36\" data-element_type=\"container\" data-e-type=\"container\">\n\t\t\t\t<div class=\"elementor-element elementor-element-d4f1b1d elementor-widget elementor-widget-image\" data-id=\"d4f1b1d\" data-element_type=\"widget\" data-e-type=\"widget\" data-widget_type=\"image.default\">\n\t\t\t\t\t\t\t\t\t\t\t\t\t\t\t<img fetchpriority=\"high\" decoding=\"async\" width=\"495\" height=\"700\" src=\"https:\/\/rubendsalazar.com\/wp-content\/uploads\/2023\/06\/portada.jpg\" class=\"attachment-large size-large wp-image-483\" alt=\"\" srcset=\"https:\/\/rubendsalazar.com\/wp-content\/uploads\/2023\/06\/portada.jpg 495w, https:\/\/rubendsalazar.com\/wp-content\/uploads\/2023\/06\/portada-212x300.jpg 212w\" sizes=\"(max-width: 495px) 100vw, 495px\" \/>\t\t\t\t\t\t\t\t\t\t\t\t\t\t\t<\/div>\n\t\t\t\t<div class=\"elementor-element elementor-element-bc76b1f elementor-widget__width-initial elementor-widget-tablet__width-inherit elementor-widget elementor-widget-heading\" data-id=\"bc76b1f\" data-element_type=\"widget\" data-e-type=\"widget\" data-widget_type=\"heading.default\">\n\t\t\t\t\t<h2 class=\"elementor-heading-title elementor-size-default\">Con nuestra gu\u00eda pr\u00e1ctica, aprender\u00e1s:<\/h2>\t\t\t\t<\/div>\n\t\t\t\t<div class=\"elementor-element elementor-element-5fa6406 elementor-widget elementor-widget-text-editor\" data-id=\"5fa6406\" data-element_type=\"widget\" data-e-type=\"widget\" data-widget_type=\"text-editor.default\">\n\t\t\t\t\t\t\t\t\t<ol><li>C\u00f3mo planificar y dise\u00f1ar tu proyecto de construcci\u00f3n.<\/li><li>Los permisos y aprobaciones necesarios en Florida.<\/li><li>La preparaci\u00f3n del sitio y la construcci\u00f3n de cimientos y estructuras.<\/li><li>Los detalles sobre instalaciones de electricidad, plomer\u00eda y HVAC.<\/li><li>Los procesos clave de trabajo interior y exterior.<\/li><li>C\u00f3mo llevar a cabo inspecciones finales y la finalizaci\u00f3n de tu proyecto.<\/li><\/ol>\t\t\t\t\t\t\t\t<\/div>\n\t\t\t\t<\/div>\n\t\t<div class=\"elementor-element elementor-element-5bdfb57 e-con-full e-flex e-con e-child\" data-id=\"5bdfb57\" data-element_type=\"container\" data-e-type=\"container\" data-settings=\"{&quot;background_background&quot;:&quot;classic&quot;}\">\n\t\t\t\t<div class=\"elementor-element elementor-element-d92d4db elementor-widget elementor-widget-text-editor\" data-id=\"d92d4db\" data-element_type=\"widget\" data-e-type=\"widget\" data-widget_type=\"text-editor.default\">\n\t\t\t\t\t\t\t\t\t<p>No esperes m\u00e1s para construir la casa de tus sue\u00f1os.<\/p>\t\t\t\t\t\t\t\t<\/div>\n\t\t\t\t<div class=\"elementor-element elementor-element-e7c83ec elementor-widget__width-initial elementor-widget-tablet__width-inherit elementor-widget elementor-widget-heading\" data-id=\"e7c83ec\" data-element_type=\"widget\" data-e-type=\"widget\" data-widget_type=\"heading.default\">\n\t\t\t\t\t<h2 class=\"elementor-heading-title elementor-size-default\">\u00a1Descarga nuestra gu\u00eda gratuita ahora!<\/h2>\t\t\t\t<\/div>\n\t\t\t\t<div class=\"elementor-element elementor-element-5c1518c elementor-button-align-stretch elementor-widget elementor-widget-form\" data-id=\"5c1518c\" data-element_type=\"widget\" data-e-type=\"widget\" data-settings=\"{&quot;step_next_label&quot;:&quot;Siguiente&quot;,&quot;step_previous_label&quot;:&quot;Anterior&quot;,&quot;button_width&quot;:&quot;100&quot;,&quot;step_type&quot;:&quot;number_text&quot;,&quot;step_icon_shape&quot;:&quot;circle&quot;}\" data-widget_type=\"form.default\">\n\t\t\t\t\t\t\t<form class=\"elementor-form\" method=\"post\" name=\"Nuevo formulario\" aria-label=\"Nuevo formulario\">\n\t\t\t<input type=\"hidden\" name=\"post_id\" value=\"417\"\/>\n\t\t\t<input type=\"hidden\" name=\"form_id\" value=\"5c1518c\"\/>\n\t\t\t<input type=\"hidden\" name=\"referer_title\" value=\"Una gu\u00eda practica para construir el hogar de tus sue\u00f1os\" \/>\n\n\t\t\t\t\t\t\t<input type=\"hidden\" name=\"queried_id\" value=\"417\"\/>\n\t\t\t\n\t\t\t<div class=\"elementor-form-fields-wrapper elementor-labels-\">\n\t\t\t\t\t\t\t\t<div class=\"elementor-field-type-text elementor-field-group elementor-column elementor-field-group-name elementor-col-100 elementor-field-required\">\n\t\t\t\t\t\t\t\t\t\t\t\t<label for=\"form-field-name\" class=\"elementor-field-label elementor-screen-only\">\n\t\t\t\t\t\t\t\tNombre\t\t\t\t\t\t\t<\/label>\n\t\t\t\t\t\t\t\t\t\t\t\t\t\t<input size=\"1\" type=\"text\" name=\"form_fields[name]\" id=\"form-field-name\" class=\"elementor-field elementor-size-sm  elementor-field-textual\" placeholder=\"Nombre\" required=\"required\">\n\t\t\t\t\t\t\t\t\t\t\t<\/div>\n\t\t\t\t\t\t\t\t<div class=\"elementor-field-type-email elementor-field-group elementor-column elementor-field-group-email elementor-col-100 elementor-field-required\">\n\t\t\t\t\t\t\t\t\t\t\t\t<label for=\"form-field-email\" class=\"elementor-field-label elementor-screen-only\">\n\t\t\t\t\t\t\t\tCorreo electr\u00f3nico\t\t\t\t\t\t\t<\/label>\n\t\t\t\t\t\t\t\t\t\t\t\t\t\t<input size=\"1\" type=\"email\" name=\"form_fields[email]\" id=\"form-field-email\" class=\"elementor-field elementor-size-sm  elementor-field-textual\" placeholder=\"Correo electr\u00f3nico\" required=\"required\">\n\t\t\t\t\t\t\t\t\t\t\t<\/div>\n\t\t\t\t\t\t\t\t<div class=\"elementor-field-type-tel elementor-field-group elementor-column elementor-field-group-field_78be7c3 elementor-col-100\">\n\t\t\t\t\t\t\t\t\t\t\t\t<label for=\"form-field-field_78be7c3\" class=\"elementor-field-label elementor-screen-only\">\n\t\t\t\t\t\t\t\tTel\u00e9fono\t\t\t\t\t\t\t<\/label>\n\t\t\t\t\t\t\t\t<input size=\"1\" type=\"tel\" name=\"form_fields[field_78be7c3]\" id=\"form-field-field_78be7c3\" class=\"elementor-field elementor-size-sm  elementor-field-textual\" placeholder=\"Tel\u00e9fono\" pattern=\"[0-9()#&amp;+*-=.]+\" title=\"Phone\">\n\n\t\t\t\t\t\t<\/div>\n\t\t\t\t\t\t\t\t<div class=\"elementor-field-group elementor-column elementor-field-type-submit elementor-col-100 e-form__buttons\">\n\t\t\t\t\t<button class=\"elementor-button elementor-size-sm\" type=\"submit\">\n\t\t\t\t\t\t<span class=\"elementor-button-content-wrapper\">\n\t\t\t\t\t\t\t\t\t\t\t\t\t\t\t\t\t\t\t\t\t\t<span class=\"elementor-button-text\">Descargar ahora<\/span>\n\t\t\t\t\t\t\t\t\t\t\t\t\t<\/span>\n\t\t\t\t\t<\/button>\n\t\t\t\t<\/div>\n\t\t\t<\/div>\n\t\t<\/form>\n\t\t\t\t\t\t<\/div>\n\t\t\t\t<div class=\"elementor-element elementor-element-d1e816d elementor-widget elementor-widget-text-editor\" data-id=\"d1e816d\" data-element_type=\"widget\" data-e-type=\"widget\" data-widget_type=\"text-editor.default\">\n\t\t\t\t\t\t\t\t\t<p>Respetamos tu privacidad. Tu informaci\u00f3n ser\u00e1 utilizada \u00fanicamente para enviarte la gu\u00eda y comunicarte con informaci\u00f3n relevante de Ruben D. Salazar Inc. Puedes darte de baja en cualquier momento.<\/p>\t\t\t\t\t\t\t\t<\/div>\n\t\t\t\t<\/div>\n\t\t\t\t\t<\/div>\n\t\t\t\t<\/div>\n\t\t<div class=\"elementor-element elementor-element-66e1baf e-flex e-con-boxed e-con e-parent\" data-id=\"66e1baf\" data-element_type=\"container\" data-e-type=\"container\" data-settings=\"{&quot;background_background&quot;:&quot;classic&quot;}\">\n\t\t\t\t\t<div class=\"e-con-inner\">\n\t\t\t\t<div class=\"elementor-element elementor-element-0985250 elementor-widget elementor-widget-text-editor\" data-id=\"0985250\" data-element_type=\"widget\" data-e-type=\"widget\" data-widget_type=\"text-editor.default\">\n\t\t\t\t\t\t\t\t\t<p>Para m\u00e1s informaci\u00f3n, no dudes en contactarnos al tel\u00e9fono +1 (239) 284 5886. Estamos aqu\u00ed para ayudarte en tu viaje de construcci\u00f3n.<\/p>\t\t\t\t\t\t\t\t<\/div>\n\t\t\t\t\t<\/div>\n\t\t\t\t<\/div>\n\t\t\t\t<\/div>\n\t\t","protected":false},"excerpt":{"rendered":"<p>Descubre C\u00f3mo Construir el Hogar de Tus Sue\u00f1os en Florida \u00a0\u00a1Obt\u00e9n nuestra gu\u00eda gratuita y comienza a planificar hoy! Tenemos justo lo que necesitas. Esta gu\u00eda te llevar\u00e1 a trav\u00e9s del proceso paso a paso de construir una casa personalizada en Florida, proporcion\u00e1ndote todos los consejos y conocimientos esenciales que necesitas para hacer realidad el [&hellip;]<\/p>\n","protected":false},"author":1,"featured_media":0,"parent":0,"menu_order":0,"comment_status":"closed","ping_status":"closed","template":"elementor_canvas","meta":{"_joinchat":[],"footnotes":""},"class_list":["post-417","page","type-page","status-publish","hentry"],"_links":{"self":[{"href":"https:\/\/rubendsalazar.com\/en\/wp-json\/wp\/v2\/pages\/417","targetHints":{"allow":["GET"]}}],"collection":[{"href":"https:\/\/rubendsalazar.com\/en\/wp-json\/wp\/v2\/pages"}],"about":[{"href":"https:\/\/rubendsalazar.com\/en\/wp-json\/wp\/v2\/types\/page"}],"author":[{"embeddable":true,"href":"https:\/\/rubendsalazar.com\/en\/wp-json\/wp\/v2\/users\/1"}],"replies":[{"embeddable":true,"href":"https:\/\/rubendsalazar.com\/en\/wp-json\/wp\/v2\/comments?post=417"}],"version-history":[{"count":31,"href":"https:\/\/rubendsalazar.com\/en\/wp-json\/wp\/v2\/pages\/417\/revisions"}],"predecessor-version":[{"id":782,"href":"https:\/\/rubendsalazar.com\/en\/wp-json\/wp\/v2\/pages\/417\/revisions\/782"}],"wp:attachment":[{"href":"https:\/\/rubendsalazar.com\/en\/wp-json\/wp\/v2\/media?parent=417"}],"curies":[{"name":"wp","href":"https:\/\/api.w.org\/{rel}","templated":true}]}}